{"id":409,"date":"2013-03-09T20:40:32","date_gmt":"2013-03-09T20:40:32","guid":{"rendered":"http:\/\/jankislo.com\/portfolio\/?page_id=409"},"modified":"2013-03-17T03:07:42","modified_gmt":"2013-03-17T03:07:42","slug":"poesia","status":"publish","type":"page","link":"http:\/\/jankislo.com\/portfolio\/poesia\/","title":{"rendered":"Poes\u00eda"},"content":{"rendered":"<div class=\"symple-toggle\"><h3 class=\"symple-toggle-trigger\"><strong>Tus velocidades<\/strong><\/h3><div class=\"symple-toggle-container\">\n<p><strong>Tus velocidades<\/strong><\/p>\n<p>Tus velocidades te desconocen<br \/>\nse elevan por sobre tu cabeza<br \/>\ndescienden,<br \/>\nse posan y te miran<br \/>\nexclaman\u2026<\/p>\n<p style=\"padding-left: 30px;\"><em>\u2026somos tus velocidades y te miramos<\/em><br \/>\n<em>no sabemos qu\u00e9 hacer contigo<\/em><br \/>\n<em>un poco te tenemos miedo<\/em><br \/>\n<em>no somos iguales a vos<\/em><br \/>\n<em>padecemos tus remolinos<\/em><br \/>\n<em>y nos inunda estar distintos.<\/em><br \/>\n<em>Somos,<\/em><br \/>\n<em>del otro lado de vos mismo.<\/em><\/p>\n<p><strong>Jan Kislo<\/strong><\/p>\n<\/div><\/div>\n<div class=\"symple-toggle\"><h3 class=\"symple-toggle-trigger\"><strong>Requiem latino <\/strong>(A la memoria de Digna Ochoa)<\/h3><div class=\"symple-toggle-container\">\n<p><strong>Requiem latino<\/strong><br \/>\n(A la memoria de Digna Ochoa)<\/p>\n<p>Mis hijos,<br \/>\ntendr\u00e1n tu boca<br \/>\ny pronunciar\u00e1n te quiero pa\u00eds.<br \/>\nA los doce<br \/>\ncomprender\u00e1n nuestro silencio,<br \/>\njugar\u00e1n con maderitas.<\/p>\n<p>El resto de la vida<br \/>\nsabr\u00e1n regresar cansados,<br \/>\noprimidos,<br \/>\ncon la historia de los pueblos<br \/>\nclavada en la espalda.<br \/>\nTus hijos<br \/>\ntendr\u00e1n mis ojos<br \/>\nser\u00e1n latinoamericanos<br \/>\ny no tendr\u00e1n futuro.<\/p>\n<p><strong>Jan Kislo<\/strong><\/p>\n<\/div><\/div>\n<div class=\"symple-toggle\"><h3 class=\"symple-toggle-trigger\"><strong>Tren que vuelve<\/strong><\/h3><div class=\"symple-toggle-container\">\n<p><strong>Tren que vuelve<\/strong><\/p>\n<p>Todas las ma\u00f1anas<br \/>\nClara eleva su rezo de mimbre por sobre el rayo.<br \/>\nColoca las manos en posici\u00f3n de avispero<br \/>\nagita hasta la \u00faltima porci\u00f3n de risa que le quedaba dando vueltas,<br \/>\nclava en el aire gestos de infinita dulzura,<br \/>\nescupe semillas de mandarina por sobre el hombro,<br \/>\nelabora un plan que guarda entre las piernas.<\/p>\n<p>Asimila el presente como una foto que ya conoce<br \/>\nse estira en el patio hasta que la piedra enfr\u00eda.<\/p>\n<p>Afuera llueve sobre todas las casas,<br \/>\nllueve sobre los techos de Clara.<\/p>\n<p>Cae la noche y el barrio se ha vuelto un amargo escondrijo,<\/p>\n<p><em>Volver\u00e9 a llamarte la noche de ma\u00f1ana<\/em> -dice Clara<\/p>\n<p>Hunde el tel\u00e9fono en el p\u00f3mulo y todo lo que transpira corre entre superficies que sujeta,<br \/>\nafloja un mugido que entrecorta con el inicio de un llanto que apaga,<br \/>\nun lloro tembloroso que asesina contra el muro de angustias que le corre.<\/p>\n<p>Ha muerto otra bandera blanca en Sudam\u00e9rica.<\/p>\n<p><em>Que mierda, otra vez, que mierda<\/em> -dice Clara<\/p>\n<p>mientras masculla el invierno,<br \/>\ny busca en sus cuadernos los textos de los diecisiete,<br \/>\nla misma furia y ese \u00e1spero fulgor incontrolable.<\/p>\n<p>Mira por la ventana y ve al mismo tren que vuelve.<\/p>\n<p>Camina rumbo a la plaza envuelta en ropa de combate: jeans, zapatillas y remera blanca,<br \/>\n<em>Ven\u00ed Mar\u00eda<\/em> -escribe en el celular.<\/p>\n<p><strong>Jan Kislo<\/strong><\/p>\n<\/div><\/div>\n<div class=\"symple-toggle\"><h3 class=\"symple-toggle-trigger\"><strong>Permanencia de Julieta<\/strong><\/h3><div class=\"symple-toggle-container\">\n<p><strong>Permanencia de Julieta<\/strong><\/p>\n<p style=\"padding-left: 30px;\"><em>Dec\u00eda Julieta<\/em><br \/>\n<em>que el mejor amigo del hombre<\/em><br \/>\n<em>era el perro.<\/em><\/p>\n<p>Caminaba por el interior de los ca\u00f1os<br \/>\ngirando hasta la luz del extremo<br \/>\nca\u00eda<br \/>\nse fregaba apelmazando la herida<br \/>\nmirando la curva,<br \/>\nla incertidumbre es una curva.<\/p>\n<p>Dec\u00eda Julieta<br \/>\nque los mundos que habita<br \/>\nse parecen bastante al miedo que tiene todo el tiempo<br \/>\nque el universo se alimenta del miedo<br \/>\nque tiene miedo<br \/>\nque su perro fue atropellado un lunes.<\/p>\n<p>Dec\u00eda Julieta<br \/>\nque su padre era el mejor amigo de Julieta<br \/>\nhasta el d\u00eda en que se fue<br \/>\ntraspasado por las aureolas de la avenida<br \/>\ncuando la velocidad del mundo asusta<br \/>\ny no se parece en nada a la nuestra<br \/>\nque es mas velocidad de domingo.<\/p>\n<p><strong>Jan Kislo<\/strong><\/p>\n<\/div><\/div>\n<div class=\"symple-toggle\"><h3 class=\"symple-toggle-trigger\"><strong>Que llueva que llueva<\/strong><\/h3><div class=\"symple-toggle-container\">\n<p><strong>Que llueva que llueva<\/strong><\/p>\n<p>La cuesti\u00f3n<br \/>\namarte sin que lo sepas.<br \/>\nMe sale bien,<br \/>\nmantengo silencio<br \/>\ndigo<br \/>\nque llueva que llueva.<\/p>\n<p>Voy despacio,<br \/>\nes que aqu\u00ed son modos de no perderte.<\/p>\n<p>Ya no digo teamo<br \/>\ny decimos<br \/>\nla viruta y yo<br \/>\nque llueva que llueva<br \/>\npor las dudas.<\/p>\n<p>A\u00fan no se c\u00f3mo agendarte<br \/>\ny pongo<\/p>\n<p style=\"padding-left: 30px;\"><em>\u201cAbril fue calmo,<\/em><br \/>\n<em>no te trajo en hora ninguna.<\/em><br \/>\n<em>Enfrente, glorifican a la harina<\/em><br \/>\n<em>elaboran unos delicados panecillos<\/em><br \/>\n<em>que llevan tus iniciales.\u201d<\/em><\/p>\n<p><strong>Jan Kislo<\/strong><\/p>\n<\/div><\/div>\n<div class=\"symple-toggle\"><h3 class=\"symple-toggle-trigger\"><strong>El escudo perforado<\/strong><\/h3><div class=\"symple-toggle-container\">\n<p><strong>El escudo perforado<\/strong><\/p>\n<p style=\"padding-left: 30px;\"><em>pasaban la noche<\/em><br \/>\n<em>envueltos en hojas de jengibre<\/em><br \/>\n<em>rozando la piel de sus hijos<\/em><br \/>\n<em>almohadillados en pastos de ribera<\/em><br \/>\n<em>convencidos de que ma\u00f1ana<\/em><br \/>\n<em>habr\u00eda frutas y ra\u00edces<\/em><\/p>\n<p>La noche se agranda como una mano asesina<br \/>\nescupe todos los miedos<br \/>\na la puerta de los hombres.<\/p>\n<p>La herida avanza en el vaho de un vinagre turbio<br \/>\nlas manos endurecen sus tendones<br \/>\nse debilitan las piernas del pueblo<br \/>\naqu\u00ed no hay<br \/>\nla carne hoy no vale<br \/>\nbalas impunes se alojan en ella<br \/>\ncepas de HIV penetran los proyectos<br \/>\nc\u00e9lulas cansadas se entregan a pudrirse<br \/>\ncae el cabello desde lo alto de Hilma.<\/p>\n<p>Las hojas de jengibre hoy no cubren<br \/>\nel agua de monta\u00f1a no cura heridas<br \/>\nla obra social se aleja<br \/>\nescapa<br \/>\ny un medio pie cruza la l\u00ednea<br \/>\nque separa los mundos que giran<br \/>\nde aquellos que pasan a detenerse.<\/p>\n<p style=\"padding-left: 30px;\"><em>El escudo ha sido perforado,<\/em><br \/>\n<em> el alma del valle se acurruca a morir.<\/em><\/p>\n<p><strong>Jan Kislo<\/strong><\/p>\n<\/div><\/div>\n<div class=\"symple-toggle\"><h3 class=\"symple-toggle-trigger\"><strong>Aferrados al Piso<\/strong><\/h3><div class=\"symple-toggle-container\">\n<strong>Aferrados al piso<\/strong><\/p>\n<p><em>puso un pi\u00e9 sobre la mano<br \/>\ny dijo sorprendido caramba<br \/>\njam\u00e1s estuve asi<\/em><\/p>\n<p>En el mogo latino sin embargo lo dif\u00edcil es respirar<br \/>\nes normal pisarse las manos<br \/>\npasarse el reverso terroso por la boca seca<br \/>\nirritarse el p\u00f3mulo de arena y minerales<br \/>\nrestos de vegetal que se extinguen<br \/>\nen la piel de acero del hombre que no descansa<br \/>\nque es siempre hombre trabajando<br \/>\npis\u00e1ndose las manos<br \/>\npara no volar<br \/>\nporque el vuelo mata y muere.<\/p>\n<p>Al sur hay miedo<br \/>\nnos pisamos las manos<br \/>\npermanecemos aferrados al piso<br \/>\npor arriba pasan guada\u00f1as calientes<br \/>\na cada instante ensartan una cabeza<br \/>\nrebanadas de coraz\u00f3n.<\/p>\n<p><strong>Jan Kislo<\/strong><br \/>\n<\/div><\/div>\n<div class=\"symple-toggle\"><h3 class=\"symple-toggle-trigger\"><strong>Alegresa<\/strong><\/h3><div class=\"symple-toggle-container\">\n<p><strong>Alegresa<\/strong><\/p>\n<p>Pesado ganz\u00faa<br \/>\naporta su sapiencia,<\/p>\n<p style=\"padding-left: 30px;\"><em> \u201choy que estamos tristes&#8230;\u201d<\/em><\/p>\n<p>dice<\/p>\n<p style=\"padding-left: 30px;\"><em> \u201custedes,<\/em><br \/>\n<em> con tristeza de hoy,<\/em><br \/>\n<em> bueno ser\u00eda que supiesen<\/em><br \/>\n<em> aquello del mundo variado\u201d<\/em><\/p>\n<p>y agrega<\/p>\n<p style=\"padding-left: 30px;\"><em> \u201cpero no para ufanarse<\/em><br \/>\n<em> sino para expandir el tiempo<\/em><br \/>\n<em> y sonre\u00edr mientras se est\u00e1 triste<\/em><br \/>\n<em> porque la verdadera alegr\u00eda<\/em><br \/>\n<em> es esta tristeza<\/em><br \/>\n<em> este rostro\u201d.<\/em><\/p>\n<p>Pesado Ganz\u00faa se despide.<\/p>\n<p>Su alegresa consiste,<br \/>\nen equilibrar,<br \/>\nen ausentarse ante tus ojos<br \/>\nentonces,<br \/>\narremolina las piernas y las manos,<br \/>\nforma unas alas sutiles,<br \/>\ny vuela.<\/p>\n<p>Pesado ganz\u00faa escribe<br \/>\nte extra\u00f1o<br \/>\ny en letras que remarca agrega<br \/>\nte amar\u00e9 siempre<br \/>\ny decae hasta limites de inexistencia.<br \/>\nEn tanto su alegresa discurre<br \/>\nlos violentos<br \/>\nse recontrapudren<br \/>\ny el buen universo<br \/>\nse pone de su lado.<\/p>\n<p>No volveremos a verlo,<br \/>\nni a \u00e9l<br \/>\nni a sus saltitos de Buey,<br \/>\ny recordaremos siempre<br \/>\na su alegresa<br \/>\nanticip\u00e1ndose protagonista.<\/p>\n<p><strong>Jan Kislo.<\/strong><\/p>\n<\/div><\/div>\n<div class=\"symple-toggle\"><h3 class=\"symple-toggle-trigger\"><strong>Amere<\/strong><\/h3><div class=\"symple-toggle-container\">\n<p><strong>Amere<\/strong><\/p>\n<p><em>El amor viaja libre en un tren independiente<\/em><br \/>\n<em>sin v\u00edas ni locomotoras ni amor<\/em><br \/>\n<em>y sin tren<\/em><\/p>\n<p>Dijo con la boca al rev\u00e9s<br \/>\nexuberante,<br \/>\nlos ojos grandes<br \/>\nbr\u00fajula en mano.<\/p>\n<p>Los s\u00e1bados<br \/>\nalgunos domingos,<br \/>\nlogr\u00e1bamos \u00e9xtasis de porcelana.<br \/>\nPero,<br \/>\nse iba<br \/>\ny se dejaba llover en la rotonda de Jauretche.<\/p>\n<p>Ya no abre puertas<br \/>\nen el barrio.<\/p>\n<p>La Yoyi<br \/>\nmantiene hojas del cuaderno<br \/>\nla colecci\u00f3n de br\u00fajulas,<br \/>\nlos gritos grabados durante la mudanza.<\/p>\n<p>El desierto se abraza a las paredes<br \/>\ndel pasaje cercano a la plaza<br \/>\nel sector de la caminata,<br \/>\nentre Tenorio y San Mart\u00edn.<br \/>\nSitio maldito donde hall\u00f3 el resguardo<br \/>\nen la pose simplista<br \/>\ndel pelotudo de la moto.<\/p>\n<p>Un papel<br \/>\ncon trazos vertiginosos<br \/>\ndice al final<\/p>\n<p style=\"padding-left: 30px;\"><em>\u201cEnormes mentiras nacen de m\u00ed.<\/em><br \/>\n<em>Paridas por hombres<\/em><br \/>\n<em>que regresan al barrio en silencio <\/em><br \/>\n<em>cargados de aliento de mentas.<\/em><br \/>\n<em>Mi dolor nace de los trenes atrapados,<\/em><br \/>\n<em>sin libertad ni amor<\/em><br \/>\n<em>y sin tren\u201d.<\/em><\/p>\n<p>Yoyi guarda las hojas<br \/>\nse extiende en el piso.<\/p>\n<p><strong>Jan Kislo<\/strong><\/p>\n<\/div><\/div>\n<div class=\"symple-toggle\"><h3 class=\"symple-toggle-trigger\"><strong>Atrapavientos semicurvos<\/strong><\/h3><div class=\"symple-toggle-container\">\n<p><strong>Atrapavientos semicurvos<\/strong><\/p>\n<p>Gato no ten\u00eda de nuestra maldad.<\/p>\n<p>Sucedi\u00f3 la vez en que, subido a los altos del dep\u00f3sito del Banco Naci\u00f3n, andando muy suelto, con miedos agudos por los techos del archivo. Jugando a que atrapaba lagartijas. Ellas saltarinas, de ranura en ranura con la velocidad de los garbanzos. Muy tonto gato saltando y hermoso de lagartija en lagartija y tonto, atrapando ranuras. Oni que lo arrinconaba sin \u00e9xito. El alto pared\u00f3n manchado de sangre. La hueca verborragia del vecin\u00f3n. Luego dijo Don An\u00edbal que si, que a veces para atrapar ranuras debe uno saltar tras movimientos y que en cambio para atrapar vientos debe uno ir al frente. Me situ\u00e9 pensando en lagartija y gato, y cruzaba Don Juli\u00e1n entrecortando la secuencia. Las l\u00edneas rojas descendentes hasta la trama seca de la hiedra. Las l\u00edneas negras intercal\u00e1ndose con las rojas. Las moscas pasando de negras a rojas, buscando con insistencia las l\u00edneas de tibio bermell\u00f3n. Cerr\u00e9 la puerta de calle y con el gato arropado desanduve metros hasta la plaza. Lo abandon\u00e9 junto a los ancianos. Los estampidos y el silencio y las nuevas l\u00edneas bermell\u00f3n y el bloqueo instant\u00e1neo y nada para recordar m\u00e1s que la confusa sensaci\u00f3n de haber andado buscando un gato mientras las l\u00edneas en el pared\u00f3n pasaban de rojas a negras constantes, al ritmo impune de las decisiones a cualquier costo. Me alej\u00e9 al observar que uno semicurvo de gorra a cuadros lo toma en brazos y le ofrece una bolsa inflada de ranuras ventosas. El piano melanc\u00f3lico inundando las terrazas del hombre de la bata blanca que manten\u00eda parquizado el barranco de la autopista como un retazo de los campos de Par\u00eds, pero en San Telmo. A escasos segundos de ella, sobrevolada realidad.<\/p>\n<p>El oxigeno deja de ser memoria.<br \/>\nEs el d\u00eda de nadie-buscando-chispas.<br \/>\nD\u00eda de mentas,<br \/>\nde fuerzas diluidas al pie del abrazo.<br \/>\nD\u00eda para decir te quise decir te quiero<br \/>\ny sin embargo los gatos y esto y aquello.<\/p>\n<p><em>Entoncesloveo<\/em> al semicurvo<br \/>\ndici\u00e9ndole misi misi al gato<br \/>\nque lo pone en la olla<br \/>\nque enciende el fuego.<\/p>\n<p>Me acerco<br \/>\napoyo mi mano en su hombro<br \/>\n-\u00bfSopa? Le pregunto<br \/>\ny se nos escapa.<\/p>\n<p>Y las l\u00edneas rojas descendentes<br \/>\ndejando un rastro alienado<br \/>\nque cruza generaciones<br \/>\ny vac\u00eda el mundo.<\/p>\n<p><strong>Jan Kislo<\/strong><\/p>\n<\/div><\/div>\n<div class=\"symple-toggle\"><h3 class=\"symple-toggle-trigger\"><strong>Bamb\u00f3l<\/strong><\/h3><div class=\"symple-toggle-container\">\n<p><strong>Bamb\u00f3l<\/strong><\/p>\n<p><em>Insistente embate, cruza y vuelve.<\/em><br \/>\n<em>Agolpa las experiencias en un tonel<\/em><br \/>\n<em>que lleva por nombre Eleuteria.<\/em><\/p>\n<p>El modo de Bamb\u00f3l intimida.<br \/>\nSu piel keloide entibia cuando se lo toca.<br \/>\nBamb\u00f3l tiene los ojos limpios<br \/>\npero su p\u00f3mulo resquebraja.<\/p>\n<p>Su p\u00f3mulo<br \/>\nmantiene los rastros negros<br \/>\nque remarca cuando llora<br \/>\ny pasa con fuerza el reverso<br \/>\ny esparce la mancha y no la borra.<br \/>\nBamb\u00f3l no se desentumece jam\u00e1s<br \/>\ncorrige y corrige mil veces<br \/>\nque reitera<br \/>\ny son otras mil las veces que corrige.<br \/>\nSu man\u00eda es mantener la soledad<br \/>\ntal como la obtuvo<br \/>\nel d\u00eda de los festejos en Solo Vega.<br \/>\nEl recuerdo \u00e1spero del forcejeo in\u00fatil<br \/>\nel aliento alcoh\u00f3lico estampado en el p\u00f3mulo,<br \/>\nla desintegraci\u00f3n de todos los mundos futuros.<br \/>\nY el tiempo, con su fluir de aceite negro.<br \/>\nBamb\u00f3l construye altares<br \/>\ndonde guarda los mundos que odia.<br \/>\nPero Bamb\u00f3l odia todos los mundos<br \/>\nse muerde asi mismo<br \/>\nsu prueba es irrefutable.<br \/>\nBamb\u00f3l prepara una implosi\u00f3n<br \/>\nque sorprender\u00e1 por su belleza<br \/>\nel mecanismo ajustado<br \/>\nde un vac\u00edo inalterable que no explica.<\/p>\n<p><strong>Jan Kislo<\/strong><\/p>\n<\/div><\/div>\n<div class=\"symple-toggle\"><h3 class=\"symple-toggle-trigger\"><strong>Brac<\/strong><\/h3><div class=\"symple-toggle-container\">\n<p><strong>Brac<\/strong><\/p>\n<p>En esto de no ser<br \/>\ndemuestro excelencia<br \/>\nsigo un hilo,<br \/>\nun gesto que manejo desde el p\u00e1rpado,<br \/>\n(que adem\u00e1s me emociona)<br \/>\nmis ojos se lloran<br \/>\nmi boca suelta una burbuja,<br \/>\nque se apaga sin detonar su grito.<\/p>\n<p>Me inundo fr\u00e1gil en ese instante<br \/>\nla esfera se resguarda,<br \/>\ndesde el p\u00e1rpado nace el brac<br \/>\notra vez<br \/>\ncomo un golpeteo que repite el brac<br \/>\ny mis ritmos roz\u00e1ndose<br \/>\nde modo insistente.<\/p>\n<p>Un tipo raro,<br \/>\narrastrador de penas<br \/>\nque no las quiero en mi viaje<br \/>\ny que las arrastro.<\/p>\n<p>Suelo beber agua<br \/>\n(he aprendido a hacerlo)<br \/>\nen la esfera debemos hacerlo.<\/p>\n<p>Libero gritos<br \/>\n(que nadie escucha)<br \/>\nen el interior del tiempo,<br \/>\narriba de su ola m\u00e1s grande,<br \/>\nnadie escucha.<\/p>\n<p><strong>Jan Kislo<\/strong><\/p>\n<\/div><\/div>\n<p>&nbsp;<\/p>\n","protected":false},"excerpt":{"rendered":"<p>&nbsp;<\/p>\n","protected":false},"author":3,"featured_media":0,"parent":0,"menu_order":0,"comment_status":"closed","ping_status":"closed","template":"","meta":{"footnotes":""},"class_list":["post-409","page","type-page","status-publish","hentry"],"jetpack_sharing_enabled":true,"jetpack_shortlink":"https:\/\/wp.me\/P774Yk-6B","jetpack-related-posts":[],"_links":{"self":[{"href":"http:\/\/jankislo.com\/portfolio\/wp-json\/wp\/v2\/pages\/409","targetHints":{"allow":["GET"]}}],"collection":[{"href":"http:\/\/jankislo.com\/portfolio\/wp-json\/wp\/v2\/pages"}],"about":[{"href":"http:\/\/jankislo.com\/portfolio\/wp-json\/wp\/v2\/types\/page"}],"author":[{"embeddable":true,"href":"http:\/\/jankislo.com\/portfolio\/wp-json\/wp\/v2\/users\/3"}],"replies":[{"embeddable":true,"href":"http:\/\/jankislo.com\/portfolio\/wp-json\/wp\/v2\/comments?post=409"}],"version-history":[{"count":27,"href":"http:\/\/jankislo.com\/portfolio\/wp-json\/wp\/v2\/pages\/409\/revisions"}],"predecessor-version":[{"id":424,"href":"http:\/\/jankislo.com\/portfolio\/wp-json\/wp\/v2\/pages\/409\/revisions\/424"}],"wp:attachment":[{"href":"http:\/\/jankislo.com\/portfolio\/wp-json\/wp\/v2\/media?parent=409"}],"curies":[{"name":"wp","href":"https:\/\/api.w.org\/{rel}","templated":true}]}}