{"id":464,"date":"2013-03-10T01:01:05","date_gmt":"2013-03-10T01:01:05","guid":{"rendered":"http:\/\/jankislo.com\/portfolio\/?page_id=464"},"modified":"2013-03-10T01:55:06","modified_gmt":"2013-03-10T01:55:06","slug":"cv","status":"publish","type":"page","link":"http:\/\/jankislo.com\/portfolio\/cv\/","title":{"rendered":"CV"},"content":{"rendered":"<p><strong>Jan Kislo | Curriculum Arte Vitae<\/strong><br \/>\nOber\u00e1, Misiones, Argentina. 16 de Enero de 1965.<br \/>\nArtista visual, textual, musical.<\/p>\n<p><em>\u00abDesde chico tuve una conexi\u00f3n muy fuerte con el dibujo\u00bb.<\/em><\/p>\n<p><em>\u00abA los 12 rayaba unos enormes blocs improvisados con planillas que mi padre obten\u00eda de la Obra Social. La acci\u00f3n que vino despu\u00e9s fue la de colorear esos dibujos que en general ten\u00edan que ver con el tema del F\u00fatbol\u00bb.<\/em><\/p>\n<p>En 1983 cursa el 1\u00b0 a\u00f1o del Profesorado de Dibujo en el Instituto Superior de Disciplinas Est\u00e9ticas donde descubre adem\u00e1s del dibujo, el grabado, la cer\u00e1mica, la pintura y la escultura.<\/p>\n<p>En 1991 viaj\u00f3 a Dinamarca donde realiz\u00f3 su primera muestra individual que se llam\u00f3 <span class=\"symple-highlight symple-highlight-blue\">\u00abPuerta al Color<\/span> y eran en su mayor\u00eda acuarelas ir\u00f3nicas.<\/p>\n<p>En <strong>1992<\/strong> participa del evento \u201c<strong>Encuentro de J\u00f3venes Pintores Europeos<\/strong>\u201d en la Ciudad de Brande. Participa como \u00fanico invitado no europeo a pedido de la Directora de Cultura de la Comuna de Brande.<\/p>\n<p>Hacia <strong>1995<\/strong> expuso en la Facultad de Artes de Ober\u00e1 \u201c<strong>El Arte siempre es otra cosa<\/strong>\u201d constituida por dibujos experimentales sobre paneles de madera en gran formato.<\/p>\n<p>En <strong>2002<\/strong> particip\u00f3 de las cl\u00ednicas de Antorchas para Producci\u00f3n y An\u00e1lisis de Obra en Resistencia, Chaco.<\/p>\n<p>Particip\u00f3 como artista invitado en la muestra \u201c<strong>Defensas<\/strong>\u201d de Daniel Garc\u00eda en el MAC-UNaM de Posadas. Otras muestras fueron: \u201c<strong>Humano No-Retornable<\/strong>\u201d y \u201c<strong>El Dibujo Perdido<\/strong>\u201d.<\/p>\n<p>En el a\u00f1o <strong>2005<\/strong> fue convocado para el evento Perfil de Artista en el CCEBA donde expuso su proceso creativo a trav\u00e9s de im\u00e1genes. En Septiembre de <strong>2006<\/strong> expuso en la Sala Adolfo Mors de la Provincia de Corrientes la muestra de dibujos \u201c<strong>O\u00edr el R\u00edo<\/strong>\u201d la cual conten\u00eda reflexiones acerca de la misi\u00f3n del dibujo y sus posibilidades de juego.<\/p>\n<p>Ha participado en numerosas exposiciones colectivas ya sea en muestras basadas en ejes tem\u00e1ticos como en otras de car\u00e1cter general. En el hacer art\u00edstico le gusta integrar lenguajes, as\u00ed ha indagado siempre en Poes\u00eda y en M\u00fasica.<\/p>\n<p>Desde el a\u00f1o <strong>1994<\/strong> es miembro fundador del grupo de rock experimental <strong>Los \u00daltimos \u00c1rboles<\/strong> present\u00e1ndose en una gran cantidad de eventos siendo grupo soporte de bandas como Los Fabulosos Cadillacs, Los Autenticos Decadentes, Los Caballeros de la Quema y otros.<\/p>\n<p>En su faceta de m\u00fasico desarrolla una conexi\u00f3n particular con sonidos que provienen del Blues y del Rock logrando composiciones de\u00a0car\u00e1cter\u00a0alternativo. Su letras abordan problem\u00e1ticas locales.<\/p>\n<p>Es miembro fundador del grupo literario Poes\u00eda del Monte junto a Marirr\u00f3 Amengual y Walter Tresols quienes impulsan la poes\u00eda desde 2001. En 2010 han publicado en Montevideo Uruguay el pliego \u201cMISION\/es POES\u00cdA\u201d con el acompa\u00f1amiento de la Editorial Yaugur\u00fa que dirige Gustavo Wojciechowski.<\/p>\n<p>En el \u00ednterin se ha dedicado a sitematizar su proceso de aprendizaje y obtuvo el t\u00edtulo de Profesor en Artes Pl\u00e1sticas (<strong>2000<\/strong>), luego sum\u00f3 el de Licenciado en Artes Pl\u00e1sticas (2005) y el de Especialista en Culturas Guaran\u00ed-Jesu\u00edtica (<strong>2009<\/strong>).<\/p>\n<p>En <strong>2009<\/strong> fue seleccionado para integrar la publicaci\u00f3n del libro de arte contempor\u00e1neo argentino \u201cLibro Bola de Nieve\u201d (Fundaci\u00f3n Stark) junto a otros 100 artistas de entre m\u00e1s de 1000 nominados.<\/p>\n<p>Actualmente se encuentra en etapa de Tesis de la Maestr\u00eda en Culturas Guaran\u00ed-Jesu\u00edtica y trabajando en el desarrollo de una nueva serie de pinturas de gran formato.<\/p>\n<p>En Agosto y Septiembre de <strong>2009<\/strong> fue seleccionado para las cl\u00ednicas \u201c<strong>Entrecampos<\/strong>\u201d de arte contempor\u00e1neo participando en la regional Ober\u00e1 y en el posterior cierre en la Ciudad de C\u00f3rdoba.<\/p>\n<p>En Septiembre <strong>2010<\/strong> realiz\u00f3 el mural \u201c<strong>Velocidad Vertical<\/strong>\u201d de grandes dimensiones en el Hotel Fierro de Palermo, Capital Federal indagando conceptualmente en las tramas que se establecen a partir de las redes sociales.<\/p>\n<p>En octubre de <strong>2010<\/strong> present\u00f3 en el Museo Juan Yapar\u00ed de Posadas, Misiones, la muestra individual \u201c<strong>Desplazados<\/strong>\u201d donde ha reflexionado sobre las vivencias generadas a partir de distintos tipos de desplazamiento. All\u00ed ha dicho: \u201c<em>Algo se mueve de lugar. Una superficie se corre de su soporte habitual. Algo desplaza a algo. Alguien desplaza a alguien. Qu\u00e9 sucede en al l\u00ednea breve donde el corrimiento se produce? La nueva presencia desplaza la ausencia presente? El cruce de fuerzas en pugna obliga a la reestructuraci\u00f3n de espacios, a la aceptaci\u00f3n del nuevo esquema (o no). Un l\u00edmite se corre, una frontera se cruza. Las zonas del no-retorno se hacen presentes de modo definitivo<\/em>\u201d.<\/p>\n<p>En Noviembre de <strong>2010<\/strong> ha obtenido el 3\u00b0 premio en pintura en el Sal\u00f3n Provincial del Bicentenario organizado por el Gobierno de la Provincia de Misiones.<\/p>\n<p>En Diciembre de <strong>2010<\/strong> ha obtenido el Premio Cacique Ober\u00e1 para las Artes Visuales.<\/p>\n","protected":false},"excerpt":{"rendered":"<p>Jan Kislo | Curriculum Arte Vitae Ober\u00e1, Misiones, Argentina. 16 de Enero de 1965. Artista visual, textual, musical. \u00abDesde chico tuve una conexi\u00f3n muy fuerte con el dibujo\u00bb. \u00abA los 12 rayaba unos enormes blocs improvisados con planillas que mi padre obten\u00eda de la Obra Social. La acci\u00f3n que vino despu\u00e9s fue la de colorear [&hellip;]<\/p>\n","protected":false},"author":3,"featured_media":0,"parent":0,"menu_order":0,"comment_status":"closed","ping_status":"closed","template":"","meta":{"footnotes":""},"class_list":["post-464","page","type-page","status-publish","hentry"],"jetpack_sharing_enabled":true,"jetpack_shortlink":"https:\/\/wp.me\/P774Yk-7u","jetpack-related-posts":[],"_links":{"self":[{"href":"http:\/\/jankislo.com\/portfolio\/wp-json\/wp\/v2\/pages\/464","targetHints":{"allow":["GET"]}}],"collection":[{"href":"http:\/\/jankislo.com\/portfolio\/wp-json\/wp\/v2\/pages"}],"about":[{"href":"http:\/\/jankislo.com\/portfolio\/wp-json\/wp\/v2\/types\/page"}],"author":[{"embeddable":true,"href":"http:\/\/jankislo.com\/portfolio\/wp-json\/wp\/v2\/users\/3"}],"replies":[{"embeddable":true,"href":"http:\/\/jankislo.com\/portfolio\/wp-json\/wp\/v2\/comments?post=464"}],"version-history":[{"count":34,"href":"http:\/\/jankislo.com\/portfolio\/wp-json\/wp\/v2\/pages\/464\/revisions"}],"predecessor-version":[{"id":729,"href":"http:\/\/jankislo.com\/portfolio\/wp-json\/wp\/v2\/pages\/464\/revisions\/729"}],"wp:attachment":[{"href":"http:\/\/jankislo.com\/portfolio\/wp-json\/wp\/v2\/media?parent=464"}],"curies":[{"name":"wp","href":"https:\/\/api.w.org\/{rel}","templated":true}]}}